{"id":41,"date":"2025-08-06T05:00:41","date_gmt":"2025-08-06T05:00:41","guid":{"rendered":"https:\/\/apucorp.pe\/www\/site\/?page_id=41"},"modified":"2026-03-02T17:08:04","modified_gmt":"2026-03-02T22:08:04","slug":"noticias","status":"publish","type":"page","link":"https:\/\/apucorp.pe\/www\/site\/noticias\/","title":{"rendered":"Noticias"},"content":{"rendered":"\t\t<div data-elementor-type=\"wp-page\" data-elementor-id=\"41\" class=\"elementor elementor-41\" data-elementor-post-type=\"page\">\n\t\t\t\t<div class=\"elementor-element elementor-element-2c6c15ef e-flex e-con-boxed wpr-particle-no wpr-jarallax-no wpr-parallax-no wpr-sticky-section-no e-con e-parent\" data-id=\"2c6c15ef\" data-element_type=\"container\" data-settings=\"{&quot;background_background&quot;:&quot;classic&quot;}\">\n\t\t\t\t\t<div class=\"e-con-inner\">\n\t\t<div class=\"elementor-element elementor-element-6fc9aa00 e-con-full e-flex wpr-particle-no wpr-jarallax-no wpr-parallax-no wpr-sticky-section-no e-con e-child\" data-id=\"6fc9aa00\" data-element_type=\"container\">\n\t\t\t\t<div class=\"elementor-element elementor-element-78cbc77a elementor-widget elementor-widget-heading\" data-id=\"78cbc77a\" data-element_type=\"widget\" data-widget_type=\"heading.default\">\n\t\t\t\t\t<h2 class=\"elementor-heading-title elementor-size-default\">Notas de prensa<\/h2>\t\t\t\t<\/div>\n\t\t\t\t<\/div>\n\t\t\t\t\t<\/div>\n\t\t\t\t<\/div>\n\t\t<div class=\"elementor-element elementor-element-1d690711 e-flex e-con-boxed wpr-particle-no wpr-jarallax-no wpr-parallax-no wpr-sticky-section-no e-con e-parent\" data-id=\"1d690711\" data-element_type=\"container\">\n\t\t\t\t\t<div class=\"e-con-inner\">\n\t\t<div class=\"elementor-element elementor-element-7c4d97e e-con-full e-flex wpr-particle-no wpr-jarallax-no wpr-parallax-no wpr-sticky-section-no e-con e-child\" data-id=\"7c4d97e\" data-element_type=\"container\">\n\t\t\t\t<div class=\"elementor-element elementor-element-2f1ad55 elementor-posts--align-left elementor-grid-4 elementor-grid-tablet-2 elementor-grid-mobile-1 elementor-posts--thumbnail-top elementor-card-shadow-yes elementor-posts__hover-gradient elementor-widget elementor-widget-posts\" data-id=\"2f1ad55\" data-element_type=\"widget\" data-settings=\"{&quot;cards_columns&quot;:&quot;4&quot;,&quot;cards_columns_tablet&quot;:&quot;2&quot;,&quot;cards_columns_mobile&quot;:&quot;1&quot;,&quot;cards_row_gap&quot;:{&quot;unit&quot;:&quot;px&quot;,&quot;size&quot;:35,&quot;sizes&quot;:[]},&quot;cards_row_gap_tablet&quot;:{&quot;unit&quot;:&quot;px&quot;,&quot;size&quot;:&quot;&quot;,&quot;sizes&quot;:[]},&quot;cards_row_gap_mobile&quot;:{&quot;unit&quot;:&quot;px&quot;,&quot;size&quot;:&quot;&quot;,&quot;sizes&quot;:[]}}\" data-widget_type=\"posts.cards\">\n\t\t\t\t<div class=\"elementor-widget-container\">\n\t\t\t\t\t\t\t<div class=\"elementor-posts-container elementor-posts elementor-posts--skin-cards elementor-grid\" role=\"list\">\n\t\t\t\t<article class=\"elementor-post elementor-grid-item post-3737 post type-post status-publish format-standard has-post-thumbnail hentry category-uncategorized tag-apucorp tag-arequipa tag-perumin tag-sector-minero\" role=\"listitem\">\n\t\t\t<div class=\"elementor-post__card\">\n\t\t\t\t<a class=\"elementor-post__thumbnail__link\" href=\"https:\/\/apucorp.pe\/www\/site\/2025\/12\/15\/apucorp-celebro-el-apufest-una-jornada-de-integracion-deporte-y-valores-corporativos\/\" tabindex=\"-1\" ><div class=\"elementor-post__thumbnail\"><img fetchpriority=\"high\" decoding=\"async\" width=\"2175\" height=\"1450\" src=\"https:\/\/apucorp.pe\/www\/site\/wp-content\/uploads\/2026\/02\/DSC_6864.jpg\" class=\"attachment-full size-full wp-image-3723\" alt=\"\" srcset=\"https:\/\/apucorp.pe\/www\/site\/wp-content\/uploads\/2026\/02\/DSC_6864.jpg 2175w, https:\/\/apucorp.pe\/www\/site\/wp-content\/uploads\/2026\/02\/DSC_6864-300x200.jpg 300w, https:\/\/apucorp.pe\/www\/site\/wp-content\/uploads\/2026\/02\/DSC_6864-1024x683.jpg 1024w, https:\/\/apucorp.pe\/www\/site\/wp-content\/uploads\/2026\/02\/DSC_6864-768x512.jpg 768w, https:\/\/apucorp.pe\/www\/site\/wp-content\/uploads\/2026\/02\/DSC_6864-1536x1024.jpg 1536w, https:\/\/apucorp.pe\/www\/site\/wp-content\/uploads\/2026\/02\/DSC_6864-2048x1365.jpg 2048w\" sizes=\"(max-width: 2175px) 100vw, 2175px\" \/><\/div><\/a>\n\t\t\t\t<div class=\"elementor-post__text\">\n\t\t\t\t<h3 class=\"elementor-post__title\">\n\t\t\t<a href=\"https:\/\/apucorp.pe\/www\/site\/2025\/12\/15\/apucorp-celebro-el-apufest-una-jornada-de-integracion-deporte-y-valores-corporativos\/\" >\n\t\t\t\tAPUCORP celebr\u00f3 el APUFest, una jornada de integraci\u00f3n, deporte y valores corporativos\t\t\t<\/a>\n\t\t<\/h3>\n\t\t\n\t\t<a class=\"elementor-post__read-more\" href=\"https:\/\/apucorp.pe\/www\/site\/2025\/12\/15\/apucorp-celebro-el-apufest-una-jornada-de-integracion-deporte-y-valores-corporativos\/\" aria-label=\"M\u00e1s informaci\u00f3n sobre APUCORP celebr\u00f3 el APUFest, una jornada de integraci\u00f3n, deporte y valores corporativos\" tabindex=\"-1\" >\n\t\t\tLeer m\u00e1s \u00bb\t\t<\/a>\n\n\t\t\t\t<\/div>\n\t\t\t\t<div class=\"elementor-post__meta-data\">\n\t\t\t\t\t<span class=\"elementor-post-date\">\n\t\t\t15 de diciembre de 2025\t\t<\/span>\n\t\t\t\t<\/div>\n\t\t\t\t\t<\/div>\n\t\t<\/article>\n\t\t\t\t<article class=\"elementor-post elementor-grid-item post-3319 post type-post status-publish format-standard has-post-thumbnail hentry category-uncategorized tag-apucorp tag-arequipa tag-perumin tag-sector-minero\" role=\"listitem\">\n\t\t\t<div class=\"elementor-post__card\">\n\t\t\t\t<a class=\"elementor-post__thumbnail__link\" href=\"https:\/\/apucorp.pe\/www\/site\/2025\/09\/26\/apucorp-presenta-su-vision-de-mineria-sostenible-en-perumin-37\/\" tabindex=\"-1\" ><div class=\"elementor-post__thumbnail\"><img decoding=\"async\" width=\"1780\" height=\"1150\" src=\"https:\/\/apucorp.pe\/www\/site\/wp-content\/uploads\/2025\/11\/C9A0635.jpg\" class=\"attachment-full size-full wp-image-3515\" alt=\"\" srcset=\"https:\/\/apucorp.pe\/www\/site\/wp-content\/uploads\/2025\/11\/C9A0635.jpg 1780w, https:\/\/apucorp.pe\/www\/site\/wp-content\/uploads\/2025\/11\/C9A0635-300x194.jpg 300w, https:\/\/apucorp.pe\/www\/site\/wp-content\/uploads\/2025\/11\/C9A0635-1024x662.jpg 1024w, https:\/\/apucorp.pe\/www\/site\/wp-content\/uploads\/2025\/11\/C9A0635-768x496.jpg 768w, https:\/\/apucorp.pe\/www\/site\/wp-content\/uploads\/2025\/11\/C9A0635-1536x992.jpg 1536w\" sizes=\"(max-width: 1780px) 100vw, 1780px\" \/><\/div><\/a>\n\t\t\t\t<div class=\"elementor-post__text\">\n\t\t\t\t<h3 class=\"elementor-post__title\">\n\t\t\t<a href=\"https:\/\/apucorp.pe\/www\/site\/2025\/09\/26\/apucorp-presenta-su-vision-de-mineria-sostenible-en-perumin-37\/\" >\n\t\t\t\tAPUCORP presenta su visi\u00f3n de miner\u00eda sostenible en PERUMIN 37\t\t\t<\/a>\n\t\t<\/h3>\n\t\t\n\t\t<a class=\"elementor-post__read-more\" href=\"https:\/\/apucorp.pe\/www\/site\/2025\/09\/26\/apucorp-presenta-su-vision-de-mineria-sostenible-en-perumin-37\/\" aria-label=\"M\u00e1s informaci\u00f3n sobre APUCORP presenta su visi\u00f3n de miner\u00eda sostenible en PERUMIN 37\" tabindex=\"-1\" >\n\t\t\tLeer m\u00e1s \u00bb\t\t<\/a>\n\n\t\t\t\t<\/div>\n\t\t\t\t<div class=\"elementor-post__meta-data\">\n\t\t\t\t\t<span class=\"elementor-post-date\">\n\t\t\t26 de septiembre de 2025\t\t<\/span>\n\t\t\t\t<\/div>\n\t\t\t\t\t<\/div>\n\t\t<\/article>\n\t\t\t\t<article class=\"elementor-post elementor-grid-item post-3321 post type-post status-publish format-standard has-post-thumbnail hentry category-uncategorized tag-apucorp tag-arequipa tag-perumin tag-sector-minero\" role=\"listitem\">\n\t\t\t<div class=\"elementor-post__card\">\n\t\t\t\t<a class=\"elementor-post__thumbnail__link\" href=\"https:\/\/apucorp.pe\/www\/site\/2025\/09\/24\/apucorp-reunio-a-destacadas-figuras-del-sector-minero-en-su-coctel-durante-perumin-37\/\" tabindex=\"-1\" ><div class=\"elementor-post__thumbnail\"><img decoding=\"async\" width=\"1780\" height=\"1150\" src=\"https:\/\/apucorp.pe\/www\/site\/wp-content\/uploads\/2025\/11\/C9A1349.jpg\" class=\"attachment-full size-full wp-image-3481\" alt=\"\" srcset=\"https:\/\/apucorp.pe\/www\/site\/wp-content\/uploads\/2025\/11\/C9A1349.jpg 1780w, https:\/\/apucorp.pe\/www\/site\/wp-content\/uploads\/2025\/11\/C9A1349-300x194.jpg 300w, https:\/\/apucorp.pe\/www\/site\/wp-content\/uploads\/2025\/11\/C9A1349-1024x662.jpg 1024w, https:\/\/apucorp.pe\/www\/site\/wp-content\/uploads\/2025\/11\/C9A1349-768x496.jpg 768w, https:\/\/apucorp.pe\/www\/site\/wp-content\/uploads\/2025\/11\/C9A1349-1536x992.jpg 1536w\" sizes=\"(max-width: 1780px) 100vw, 1780px\" \/><\/div><\/a>\n\t\t\t\t<div class=\"elementor-post__text\">\n\t\t\t\t<h3 class=\"elementor-post__title\">\n\t\t\t<a href=\"https:\/\/apucorp.pe\/www\/site\/2025\/09\/24\/apucorp-reunio-a-destacadas-figuras-del-sector-minero-en-su-coctel-durante-perumin-37\/\" >\n\t\t\t\tAPUCORP reuni\u00f3 a destacadas figuras\u00a0del sector minero en su c\u00f3ctel durante PERUMIN 37\t\t\t<\/a>\n\t\t<\/h3>\n\t\t\n\t\t<a class=\"elementor-post__read-more\" href=\"https:\/\/apucorp.pe\/www\/site\/2025\/09\/24\/apucorp-reunio-a-destacadas-figuras-del-sector-minero-en-su-coctel-durante-perumin-37\/\" aria-label=\"M\u00e1s informaci\u00f3n sobre APUCORP reuni\u00f3 a destacadas figuras\u00a0del sector minero en su c\u00f3ctel durante PERUMIN 37\" tabindex=\"-1\" >\n\t\t\tLeer m\u00e1s \u00bb\t\t<\/a>\n\n\t\t\t\t<\/div>\n\t\t\t\t<div class=\"elementor-post__meta-data\">\n\t\t\t\t\t<span class=\"elementor-post-date\">\n\t\t\t24 de septiembre de 2025\t\t<\/span>\n\t\t\t\t<\/div>\n\t\t\t\t\t<\/div>\n\t\t<\/article>\n\t\t\t\t<article class=\"elementor-post elementor-grid-item post-3317 post type-post status-publish format-standard has-post-thumbnail hentry category-uncategorized tag-apucorp tag-bienes-raices tag-infraestructura tag-lima tag-logistica tag-metalmecanica tag-perumin tag-sector-minero tag-servicios-industriales\" role=\"listitem\">\n\t\t\t<div class=\"elementor-post__card\">\n\t\t\t\t<a class=\"elementor-post__thumbnail__link\" href=\"https:\/\/apucorp.pe\/www\/site\/2025\/09\/18\/apucorp-consolida-su-posicionamiento-con-una-identidad-clara-y-vision-hacia-el-2030\/\" tabindex=\"-1\" ><div class=\"elementor-post__thumbnail\"><img loading=\"lazy\" decoding=\"async\" width=\"2000\" height=\"1333\" src=\"https:\/\/apucorp.pe\/www\/site\/wp-content\/uploads\/2025\/11\/ANT6226.jpg\" class=\"attachment-full size-full wp-image-3365\" alt=\"\" srcset=\"https:\/\/apucorp.pe\/www\/site\/wp-content\/uploads\/2025\/11\/ANT6226.jpg 2000w, https:\/\/apucorp.pe\/www\/site\/wp-content\/uploads\/2025\/11\/ANT6226-300x200.jpg 300w, https:\/\/apucorp.pe\/www\/site\/wp-content\/uploads\/2025\/11\/ANT6226-1024x682.jpg 1024w, https:\/\/apucorp.pe\/www\/site\/wp-content\/uploads\/2025\/11\/ANT6226-768x512.jpg 768w, https:\/\/apucorp.pe\/www\/site\/wp-content\/uploads\/2025\/11\/ANT6226-1536x1024.jpg 1536w\" sizes=\"(max-width: 2000px) 100vw, 2000px\" \/><\/div><\/a>\n\t\t\t\t<div class=\"elementor-post__text\">\n\t\t\t\t<h3 class=\"elementor-post__title\">\n\t\t\t<a href=\"https:\/\/apucorp.pe\/www\/site\/2025\/09\/18\/apucorp-consolida-su-posicionamiento-con-una-identidad-clara-y-vision-hacia-el-2030\/\" >\n\t\t\t\tAPUCORP consolida su posicionamiento con una identidad clara y visi\u00f3n hacia el 2030\t\t\t<\/a>\n\t\t<\/h3>\n\t\t\n\t\t<a class=\"elementor-post__read-more\" href=\"https:\/\/apucorp.pe\/www\/site\/2025\/09\/18\/apucorp-consolida-su-posicionamiento-con-una-identidad-clara-y-vision-hacia-el-2030\/\" aria-label=\"M\u00e1s informaci\u00f3n sobre APUCORP consolida su posicionamiento con una identidad clara y visi\u00f3n hacia el 2030\" tabindex=\"-1\" >\n\t\t\tLeer m\u00e1s \u00bb\t\t<\/a>\n\n\t\t\t\t<\/div>\n\t\t\t\t<div class=\"elementor-post__meta-data\">\n\t\t\t\t\t<span class=\"elementor-post-date\">\n\t\t\t18 de septiembre de 2025\t\t<\/span>\n\t\t\t\t<\/div>\n\t\t\t\t\t<\/div>\n\t\t<\/article>\n\t\t\t\t<\/div>\n\t\t\n\t\t\t\t\t\t<\/div>\n\t\t\t\t<\/div>\n\t\t\t\t<\/div>\n\t\t\t\t\t<\/div>\n\t\t\t\t<\/div>\n\t\t\t\t<\/div>\n\t\t","protected":false},"excerpt":{"rendered":"<p>Notas de prensa<\/p>\n","protected":false},"author":1,"featured_media":0,"parent":0,"menu_order":0,"comment_status":"closed","ping_status":"closed","template":"","meta":{"footnotes":""},"class_list":["post-41","page","type-page","status-publish","hentry"],"yoast_head":"<!-- This site is optimized with the Yoast SEO plugin v26.6 - https:\/\/yoast.com\/wordpress\/plugins\/seo\/ -->\n<title>Noticias | Apucorp<\/title>\n<meta name=\"description\" content=\"Somos un grupo empresarial de capitales peruanos, diversificado, que apuesta por el liderazgo en miner\u00eda y otros sectores estrat\u00e9gicos como infraestructura, salud, comercio e industria.\" \/>\n<meta name=\"robots\" content=\"index, follow, max-snippet:-1, max-image-preview:large, max-video-preview:-1\" \/>\n<link rel=\"canonical\" href=\"https:\/\/apucorp.pe\/www\/site\/noticias\/\" \/>\n<meta property=\"og:locale\" content=\"es_ES\" \/>\n<meta property=\"og:type\" content=\"article\" \/>\n<meta property=\"og:title\" content=\"Noticias | Apucorp\" \/>\n<meta property=\"og:description\" content=\"Somos un grupo empresarial de capitales peruanos, diversificado, que apuesta por el liderazgo en miner\u00eda y otros sectores estrat\u00e9gicos como infraestructura, salud, comercio e industria.\" \/>\n<meta property=\"og:url\" content=\"https:\/\/apucorp.pe\/www\/site\/noticias\/\" \/>\n<meta property=\"og:site_name\" content=\"Apucorp\" \/>\n<meta property=\"article:publisher\" content=\"https:\/\/www.facebook.com\/apucorp\" \/>\n<meta property=\"article:modified_time\" content=\"2026-03-02T22:08:04+00:00\" \/>\n<meta property=\"og:image\" content=\"https:\/\/apucorp.pe\/www\/site\/wp-content\/uploads\/2025\/09\/webapucorp.png\" \/>\n\t<meta property=\"og:image:width\" content=\"1640\" \/>\n\t<meta property=\"og:image:height\" content=\"949\" \/>\n\t<meta property=\"og:image:type\" content=\"image\/png\" \/>\n<meta name=\"twitter:card\" content=\"summary_large_image\" \/>\n<meta name=\"twitter:label1\" content=\"Tiempo de lectura\" \/>\n\t<meta name=\"twitter:data1\" content=\"2 minutos\" \/>\n<script type=\"application\/ld+json\" class=\"yoast-schema-graph\">{\"@context\":\"https:\/\/schema.org\",\"@graph\":[{\"@type\":\"WebPage\",\"@id\":\"https:\/\/apucorp.pe\/www\/site\/noticias\/\",\"url\":\"https:\/\/apucorp.pe\/www\/site\/noticias\/\",\"name\":\"Noticias | Apucorp\",\"isPartOf\":{\"@id\":\"https:\/\/apucorp.pe\/www\/site\/#website\"},\"datePublished\":\"2025-08-06T05:00:41+00:00\",\"dateModified\":\"2026-03-02T22:08:04+00:00\",\"description\":\"Somos un grupo empresarial de capitales peruanos, diversificado, que apuesta por el liderazgo en miner\u00eda y otros sectores estrat\u00e9gicos como infraestructura, salud, comercio e industria.\",\"breadcrumb\":{\"@id\":\"https:\/\/apucorp.pe\/www\/site\/noticias\/#breadcrumb\"},\"inLanguage\":\"es\",\"potentialAction\":[{\"@type\":\"ReadAction\",\"target\":[\"https:\/\/apucorp.pe\/www\/site\/noticias\/\"]}]},{\"@type\":\"BreadcrumbList\",\"@id\":\"https:\/\/apucorp.pe\/www\/site\/noticias\/#breadcrumb\",\"itemListElement\":[{\"@type\":\"ListItem\",\"position\":1,\"name\":\"Portada\",\"item\":\"https:\/\/apucorp.pe\/www\/site\/\"},{\"@type\":\"ListItem\",\"position\":2,\"name\":\"Noticias\"}]},{\"@type\":\"WebSite\",\"@id\":\"https:\/\/apucorp.pe\/www\/site\/#website\",\"url\":\"https:\/\/apucorp.pe\/www\/site\/\",\"name\":\"Grupo empresarial APUCORP\",\"description\":\"Somos un grupo empresarial de capitales peruanos, diversificado, que apuesta por el liderazgo en miner\u00eda y otros sectores estrat\u00e9gicos como infraestructura, salud, comercio e industria.\",\"publisher\":{\"@id\":\"https:\/\/apucorp.pe\/www\/site\/#organization\"},\"alternateName\":\"Grupo empresarial APUCORP\",\"potentialAction\":[{\"@type\":\"SearchAction\",\"target\":{\"@type\":\"EntryPoint\",\"urlTemplate\":\"https:\/\/apucorp.pe\/www\/site\/?s={search_term_string}\"},\"query-input\":{\"@type\":\"PropertyValueSpecification\",\"valueRequired\":true,\"valueName\":\"search_term_string\"}}],\"inLanguage\":\"es\"},{\"@type\":\"Organization\",\"@id\":\"https:\/\/apucorp.pe\/www\/site\/#organization\",\"name\":\"Apucorp\",\"alternateName\":\"Apucorp\",\"url\":\"https:\/\/apucorp.pe\/www\/site\/\",\"logo\":{\"@type\":\"ImageObject\",\"inLanguage\":\"es\",\"@id\":\"https:\/\/apucorp.pe\/www\/site\/#\/schema\/logo\/image\/\",\"url\":\"https:\/\/apucorp.pe\/www\/site\/wp-content\/uploads\/2025\/09\/LogoApucorp2.jpg\",\"contentUrl\":\"https:\/\/apucorp.pe\/www\/site\/wp-content\/uploads\/2025\/09\/LogoApucorp2.jpg\",\"width\":1278,\"height\":499,\"caption\":\"Apucorp\"},\"image\":{\"@id\":\"https:\/\/apucorp.pe\/www\/site\/#\/schema\/logo\/image\/\"},\"sameAs\":[\"https:\/\/www.facebook.com\/apucorp\",\"https:\/\/www.linkedin.com\/company\/apucorp\/\",\"https:\/\/www.youtube.com\/@APUCORP\"]}]}<\/script>\n<!-- \/ Yoast SEO plugin. -->","yoast_head_json":{"title":"Noticias | Apucorp","description":"Somos un grupo empresarial de capitales peruanos, diversificado, que apuesta por el liderazgo en miner\u00eda y otros sectores estrat\u00e9gicos como infraestructura, salud, comercio e industria.","robots":{"index":"index","follow":"follow","max-snippet":"max-snippet:-1","max-image-preview":"max-image-preview:large","max-video-preview":"max-video-preview:-1"},"canonical":"https:\/\/apucorp.pe\/www\/site\/noticias\/","og_locale":"es_ES","og_type":"article","og_title":"Noticias | Apucorp","og_description":"Somos un grupo empresarial de capitales peruanos, diversificado, que apuesta por el liderazgo en miner\u00eda y otros sectores estrat\u00e9gicos como infraestructura, salud, comercio e industria.","og_url":"https:\/\/apucorp.pe\/www\/site\/noticias\/","og_site_name":"Apucorp","article_publisher":"https:\/\/www.facebook.com\/apucorp","article_modified_time":"2026-03-02T22:08:04+00:00","og_image":[{"width":1640,"height":949,"url":"https:\/\/apucorp.pe\/www\/site\/wp-content\/uploads\/2025\/09\/webapucorp.png","type":"image\/png"}],"twitter_card":"summary_large_image","twitter_misc":{"Tiempo de lectura":"2 minutos"},"schema":{"@context":"https:\/\/schema.org","@graph":[{"@type":"WebPage","@id":"https:\/\/apucorp.pe\/www\/site\/noticias\/","url":"https:\/\/apucorp.pe\/www\/site\/noticias\/","name":"Noticias | Apucorp","isPartOf":{"@id":"https:\/\/apucorp.pe\/www\/site\/#website"},"datePublished":"2025-08-06T05:00:41+00:00","dateModified":"2026-03-02T22:08:04+00:00","description":"Somos un grupo empresarial de capitales peruanos, diversificado, que apuesta por el liderazgo en miner\u00eda y otros sectores estrat\u00e9gicos como infraestructura, salud, comercio e industria.","breadcrumb":{"@id":"https:\/\/apucorp.pe\/www\/site\/noticias\/#breadcrumb"},"inLanguage":"es","potentialAction":[{"@type":"ReadAction","target":["https:\/\/apucorp.pe\/www\/site\/noticias\/"]}]},{"@type":"BreadcrumbList","@id":"https:\/\/apucorp.pe\/www\/site\/noticias\/#breadcrumb","itemListElement":[{"@type":"ListItem","position":1,"name":"Portada","item":"https:\/\/apucorp.pe\/www\/site\/"},{"@type":"ListItem","position":2,"name":"Noticias"}]},{"@type":"WebSite","@id":"https:\/\/apucorp.pe\/www\/site\/#website","url":"https:\/\/apucorp.pe\/www\/site\/","name":"Grupo empresarial APUCORP","description":"Somos un grupo empresarial de capitales peruanos, diversificado, que apuesta por el liderazgo en miner\u00eda y otros sectores estrat\u00e9gicos como infraestructura, salud, comercio e industria.","publisher":{"@id":"https:\/\/apucorp.pe\/www\/site\/#organization"},"alternateName":"Grupo empresarial APUCORP","potentialAction":[{"@type":"SearchAction","target":{"@type":"EntryPoint","urlTemplate":"https:\/\/apucorp.pe\/www\/site\/?s={search_term_string}"},"query-input":{"@type":"PropertyValueSpecification","valueRequired":true,"valueName":"search_term_string"}}],"inLanguage":"es"},{"@type":"Organization","@id":"https:\/\/apucorp.pe\/www\/site\/#organization","name":"Apucorp","alternateName":"Apucorp","url":"https:\/\/apucorp.pe\/www\/site\/","logo":{"@type":"ImageObject","inLanguage":"es","@id":"https:\/\/apucorp.pe\/www\/site\/#\/schema\/logo\/image\/","url":"https:\/\/apucorp.pe\/www\/site\/wp-content\/uploads\/2025\/09\/LogoApucorp2.jpg","contentUrl":"https:\/\/apucorp.pe\/www\/site\/wp-content\/uploads\/2025\/09\/LogoApucorp2.jpg","width":1278,"height":499,"caption":"Apucorp"},"image":{"@id":"https:\/\/apucorp.pe\/www\/site\/#\/schema\/logo\/image\/"},"sameAs":["https:\/\/www.facebook.com\/apucorp","https:\/\/www.linkedin.com\/company\/apucorp\/","https:\/\/www.youtube.com\/@APUCORP"]}]}},"_links":{"self":[{"href":"https:\/\/apucorp.pe\/www\/site\/wp-json\/wp\/v2\/pages\/41","targetHints":{"allow":["GET"]}}],"collection":[{"href":"https:\/\/apucorp.pe\/www\/site\/wp-json\/wp\/v2\/pages"}],"about":[{"href":"https:\/\/apucorp.pe\/www\/site\/wp-json\/wp\/v2\/types\/page"}],"author":[{"embeddable":true,"href":"https:\/\/apucorp.pe\/www\/site\/wp-json\/wp\/v2\/users\/1"}],"replies":[{"embeddable":true,"href":"https:\/\/apucorp.pe\/www\/site\/wp-json\/wp\/v2\/comments?post=41"}],"version-history":[{"count":109,"href":"https:\/\/apucorp.pe\/www\/site\/wp-json\/wp\/v2\/pages\/41\/revisions"}],"predecessor-version":[{"id":3757,"href":"https:\/\/apucorp.pe\/www\/site\/wp-json\/wp\/v2\/pages\/41\/revisions\/3757"}],"wp:attachment":[{"href":"https:\/\/apucorp.pe\/www\/site\/wp-json\/wp\/v2\/media?parent=41"}],"curies":[{"name":"wp","href":"https:\/\/api.w.org\/{rel}","templated":true}]}}