{"id":3019,"date":"2025-09-17T23:37:05","date_gmt":"2025-09-17T23:37:05","guid":{"rendered":"https:\/\/apucorp.pe\/www\/site\/?page_id=3019"},"modified":"2025-09-18T19:14:06","modified_gmt":"2025-09-18T19:14:06","slug":"ajani","status":"publish","type":"page","link":"https:\/\/apucorp.pe\/www\/site\/empresas\/ajani\/","title":{"rendered":"Ajani"},"content":{"rendered":"\t\t<div data-elementor-type=\"wp-page\" data-elementor-id=\"3019\" class=\"elementor elementor-3019\" data-elementor-post-type=\"page\">\n\t\t\t\t<div class=\"elementor-element elementor-element-0463305 e-flex e-con-boxed wpr-particle-no wpr-jarallax-no wpr-parallax-no wpr-sticky-section-no e-con e-parent\" data-id=\"0463305\" data-element_type=\"container\">\n\t\t\t\t\t<div class=\"e-con-inner\">\n\t\t\t\t<div class=\"elementor-element elementor-element-593d3be elementor-widget elementor-widget-wpr-breadcrumbs-pro\" data-id=\"593d3be\" data-element_type=\"widget\" data-widget_type=\"wpr-breadcrumbs-pro.default\">\n\t\t\t\t\t<div class=\"wpr-post-breadcrumbs\"><ul class=\"wpr-breadcrumbs\"><li><a href=\"https:\/\/apucorp.pe\/www\/site\">Home<\/a><\/li><li>\/<\/li><li>Ajani<\/li><\/ul><\/div>\t\t\t\t<\/div>\n\t\t\t\t\t<\/div>\n\t\t\t\t<\/div>\n\t\t<div class=\"elementor-element elementor-element-6e741bfc e-flex e-con-boxed wpr-particle-no wpr-jarallax-no wpr-parallax-no wpr-sticky-section-no e-con e-parent\" data-id=\"6e741bfc\" data-element_type=\"container\">\n\t\t\t\t\t<div class=\"e-con-inner\">\n\t\t<div class=\"elementor-element elementor-element-4142a6f2 e-con-full e-flex wpr-particle-no wpr-jarallax-no wpr-parallax-no wpr-sticky-section-no e-con e-child\" data-id=\"4142a6f2\" data-element_type=\"container\">\n\t\t<div class=\"elementor-element elementor-element-57ad7ee0 e-con-full e-flex wpr-particle-no wpr-jarallax-no wpr-parallax-no wpr-sticky-section-no e-con e-child\" data-id=\"57ad7ee0\" data-element_type=\"container\" data-settings=\"{&quot;background_background&quot;:&quot;classic&quot;}\">\n\t\t\t\t<div class=\"elementor-element elementor-element-5ca08a1b elementor-widget elementor-widget-text-editor\" data-id=\"5ca08a1b\" data-element_type=\"widget\" data-widget_type=\"text-editor.default\">\n\t\t\t\t\t\t\t\t\t<p>Empresa peruana con m\u00e1s de 20 a\u00f1os de experiencia en servicios de infraestructura, edificaciones, miner\u00eda y saneamiento. Nos especializamos en movimiento de tierras masivo y obras civiles a gran escala para los sectores p\u00fablico y privado.<\/p>\t\t\t\t\t\t\t\t<\/div>\n\t\t\t\t<div class=\"elementor-element elementor-element-992385b elementor-widget elementor-widget-text-editor\" data-id=\"992385b\" data-element_type=\"widget\" data-widget_type=\"text-editor.default\">\n\t\t\t\t\t\t\t\t\t<p>Nuestro portafolio de servicios abarca la construcci\u00f3n de caminos de accesos, carreteras, defensas ribere\u00f1as, colegios y universidades, obras hidr\u00e1ulicas,\u00a0 instalaci\u00f3n de geosint\u00e9ticos, explotaci\u00f3n de canteras y cierre de minas. Como parte del Grupo APUCORP contamos con un respaldo financiero en bancos nacionales e internacionales.<\/p>\t\t\t\t\t\t\t\t<\/div>\n\t\t\t\t<div class=\"elementor-element elementor-element-8a129ce elementor-widget elementor-widget-text-editor\" data-id=\"8a129ce\" data-element_type=\"widget\" data-widget_type=\"text-editor.default\">\n\t\t\t\t\t\t\t\t\t<p>En AJANI tenemos las siguientes l\u00edneas de servicio:<\/p><ol><li>Construcci\u00f3n.<\/li><li>Miner\u00eda.<\/li><li>Infraestructura.<\/li><\/ol>\t\t\t\t\t\t\t\t<\/div>\n\t\t<div class=\"elementor-element elementor-element-672686e3 e-con-full e-flex wpr-particle-no wpr-jarallax-no wpr-parallax-no wpr-sticky-section-no e-con e-child\" data-id=\"672686e3\" data-element_type=\"container\">\n\t\t\t\t<div class=\"elementor-element elementor-element-ecfdb95 elementor-align-center elementor-widget elementor-widget-elementskit-button\" data-id=\"ecfdb95\" data-element_type=\"widget\" data-widget_type=\"elementskit-button.default\">\n\t\t\t\t\t<div class=\"ekit-wid-con\" >\t\t<div class=\"ekit-btn-wraper\">\n\t\t\t\t\t\t\t<a href=\"https:\/\/www.ajani.com.pe\" target=\"_blank\" class=\"elementskit-btn  whitespace--normal\" id=\"\">\n\t\t\t\t\tVISITAR P\u00c1GINA WEB\t\t\t\t<\/a>\n\t\t\t\t\t<\/div>\n        <\/div>\t\t\t\t<\/div>\n\t\t\t\t<\/div>\n\t\t\t\t<\/div>\n\t\t\t\t<\/div>\n\t\t<div class=\"elementor-element elementor-element-7830e920 e-con-full e-flex wpr-particle-no wpr-jarallax-no wpr-parallax-no wpr-sticky-section-no e-con e-child\" data-id=\"7830e920\" data-element_type=\"container\">\n\t\t<div class=\"elementor-element elementor-element-208ca159 e-con-full e-flex wpr-particle-no wpr-jarallax-no wpr-parallax-no wpr-sticky-section-no e-con e-child\" data-id=\"208ca159\" data-element_type=\"container\" data-settings=\"{&quot;background_background&quot;:&quot;classic&quot;}\">\n\t\t\t\t<div class=\"elementor-element elementor-element-33331a9 elementor-widget elementor-widget-image\" data-id=\"33331a9\" data-element_type=\"widget\" data-widget_type=\"image.default\">\n\t\t\t\t\t\t\t\t\t\t\t\t\t\t\t<img fetchpriority=\"high\" decoding=\"async\" width=\"800\" height=\"205\" src=\"https:\/\/apucorp.pe\/www\/site\/wp-content\/uploads\/2025\/09\/ajani2.png\" class=\"attachment-large size-large wp-image-3206\" alt=\"\" srcset=\"https:\/\/apucorp.pe\/www\/site\/wp-content\/uploads\/2025\/09\/ajani2.png 1000w, https:\/\/apucorp.pe\/www\/site\/wp-content\/uploads\/2025\/09\/ajani2-300x77.png 300w, https:\/\/apucorp.pe\/www\/site\/wp-content\/uploads\/2025\/09\/ajani2-768x197.png 768w\" sizes=\"(max-width: 800px) 100vw, 800px\" \/>\t\t\t\t\t\t\t\t\t\t\t\t\t\t\t<\/div>\n\t\t\t\t<\/div>\n\t\t\t\t<\/div>\n\t\t\t\t\t<\/div>\n\t\t\t\t<\/div>\n\t\t\t\t<\/div>\n\t\t","protected":false},"excerpt":{"rendered":"<p>Home \/ Ajani Empresa peruana con m\u00e1s de 20 a\u00f1os de experiencia en servicios de infraestructura, edificaciones, miner\u00eda y saneamiento. Nos especializamos en movimiento de tierras masivo y obras civiles a gran escala para los sectores p\u00fablico y privado. Nuestro portafolio de servicios abarca la construcci\u00f3n de caminos de accesos, carreteras, defensas ribere\u00f1as, colegios y universidades, obras hidr\u00e1ulicas,\u00a0 instalaci\u00f3n de geosint\u00e9ticos, explotaci\u00f3n de canteras y cierre de minas. Como parte del Grupo APUCORP contamos con un respaldo financiero en bancos nacionales e internacionales. En AJANI tenemos las siguientes l\u00edneas de servicio: Construcci\u00f3n. Miner\u00eda. Infraestructura. VISITAR P\u00c1GINA WEB<\/p>\n","protected":false},"author":1,"featured_media":0,"parent":2750,"menu_order":0,"comment_status":"closed","ping_status":"closed","template":"","meta":{"footnotes":""},"class_list":["post-3019","page","type-page","status-publish","hentry"],"yoast_head":"<!-- This site is optimized with the Yoast SEO plugin v26.6 - https:\/\/yoast.com\/wordpress\/plugins\/seo\/ -->\n<title>Ajani | Apucorp<\/title>\n<meta name=\"description\" content=\"Somos un grupo empresarial de capitales peruanos, diversificado, que apuesta por el liderazgo en miner\u00eda y otros sectores estrat\u00e9gicos como infraestructura, salud, comercio e industria.\" \/>\n<meta name=\"robots\" content=\"index, follow, max-snippet:-1, max-image-preview:large, max-video-preview:-1\" \/>\n<link rel=\"canonical\" href=\"https:\/\/apucorp.pe\/www\/site\/empresas\/ajani\/\" \/>\n<meta property=\"og:locale\" content=\"es_ES\" \/>\n<meta property=\"og:type\" content=\"article\" \/>\n<meta property=\"og:title\" content=\"Ajani | Apucorp\" \/>\n<meta property=\"og:description\" content=\"Somos un grupo empresarial de capitales peruanos, diversificado, que apuesta por el liderazgo en miner\u00eda y otros sectores estrat\u00e9gicos como infraestructura, salud, comercio e industria.\" \/>\n<meta property=\"og:url\" content=\"https:\/\/apucorp.pe\/www\/site\/empresas\/ajani\/\" \/>\n<meta property=\"og:site_name\" content=\"Apucorp\" \/>\n<meta property=\"article:publisher\" content=\"https:\/\/www.facebook.com\/apucorp\" \/>\n<meta property=\"article:modified_time\" content=\"2025-09-18T19:14:06+00:00\" \/>\n<meta property=\"og:image\" content=\"https:\/\/apucorp.pe\/www\/site\/wp-content\/uploads\/2025\/09\/ajani2.png\" \/>\n<meta name=\"twitter:card\" content=\"summary_large_image\" \/>\n<meta name=\"twitter:label1\" content=\"Tiempo de lectura\" \/>\n\t<meta name=\"twitter:data1\" content=\"1 minuto\" \/>\n<script type=\"application\/ld+json\" class=\"yoast-schema-graph\">{\"@context\":\"https:\/\/schema.org\",\"@graph\":[{\"@type\":\"WebPage\",\"@id\":\"https:\/\/apucorp.pe\/www\/site\/empresas\/ajani\/\",\"url\":\"https:\/\/apucorp.pe\/www\/site\/empresas\/ajani\/\",\"name\":\"Ajani | Apucorp\",\"isPartOf\":{\"@id\":\"https:\/\/apucorp.pe\/www\/site\/#website\"},\"primaryImageOfPage\":{\"@id\":\"https:\/\/apucorp.pe\/www\/site\/empresas\/ajani\/#primaryimage\"},\"image\":{\"@id\":\"https:\/\/apucorp.pe\/www\/site\/empresas\/ajani\/#primaryimage\"},\"thumbnailUrl\":\"https:\/\/apucorp.pe\/www\/site\/wp-content\/uploads\/2025\/09\/ajani2.png\",\"datePublished\":\"2025-09-17T23:37:05+00:00\",\"dateModified\":\"2025-09-18T19:14:06+00:00\",\"description\":\"Somos un grupo empresarial de capitales peruanos, diversificado, que apuesta por el liderazgo en miner\u00eda y otros sectores estrat\u00e9gicos como infraestructura, salud, comercio e industria.\",\"breadcrumb\":{\"@id\":\"https:\/\/apucorp.pe\/www\/site\/empresas\/ajani\/#breadcrumb\"},\"inLanguage\":\"es\",\"potentialAction\":[{\"@type\":\"ReadAction\",\"target\":[\"https:\/\/apucorp.pe\/www\/site\/empresas\/ajani\/\"]}]},{\"@type\":\"ImageObject\",\"inLanguage\":\"es\",\"@id\":\"https:\/\/apucorp.pe\/www\/site\/empresas\/ajani\/#primaryimage\",\"url\":\"https:\/\/apucorp.pe\/www\/site\/wp-content\/uploads\/2025\/09\/ajani2.png\",\"contentUrl\":\"https:\/\/apucorp.pe\/www\/site\/wp-content\/uploads\/2025\/09\/ajani2.png\",\"width\":1000,\"height\":256},{\"@type\":\"BreadcrumbList\",\"@id\":\"https:\/\/apucorp.pe\/www\/site\/empresas\/ajani\/#breadcrumb\",\"itemListElement\":[{\"@type\":\"ListItem\",\"position\":1,\"name\":\"Portada\",\"item\":\"https:\/\/apucorp.pe\/www\/site\/\"},{\"@type\":\"ListItem\",\"position\":2,\"name\":\"Empresas\",\"item\":\"https:\/\/apucorp.pe\/www\/site\/empresas\/\"},{\"@type\":\"ListItem\",\"position\":3,\"name\":\"Ajani\"}]},{\"@type\":\"WebSite\",\"@id\":\"https:\/\/apucorp.pe\/www\/site\/#website\",\"url\":\"https:\/\/apucorp.pe\/www\/site\/\",\"name\":\"Grupo empresarial APUCORP\",\"description\":\"Somos un grupo empresarial de capitales peruanos, diversificado, que apuesta por el liderazgo en miner\u00eda y otros sectores estrat\u00e9gicos como infraestructura, salud, comercio e industria.\",\"publisher\":{\"@id\":\"https:\/\/apucorp.pe\/www\/site\/#organization\"},\"alternateName\":\"Grupo empresarial APUCORP\",\"potentialAction\":[{\"@type\":\"SearchAction\",\"target\":{\"@type\":\"EntryPoint\",\"urlTemplate\":\"https:\/\/apucorp.pe\/www\/site\/?s={search_term_string}\"},\"query-input\":{\"@type\":\"PropertyValueSpecification\",\"valueRequired\":true,\"valueName\":\"search_term_string\"}}],\"inLanguage\":\"es\"},{\"@type\":\"Organization\",\"@id\":\"https:\/\/apucorp.pe\/www\/site\/#organization\",\"name\":\"Apucorp\",\"alternateName\":\"Apucorp\",\"url\":\"https:\/\/apucorp.pe\/www\/site\/\",\"logo\":{\"@type\":\"ImageObject\",\"inLanguage\":\"es\",\"@id\":\"https:\/\/apucorp.pe\/www\/site\/#\/schema\/logo\/image\/\",\"url\":\"https:\/\/apucorp.pe\/www\/site\/wp-content\/uploads\/2025\/09\/LogoApucorp2.jpg\",\"contentUrl\":\"https:\/\/apucorp.pe\/www\/site\/wp-content\/uploads\/2025\/09\/LogoApucorp2.jpg\",\"width\":1278,\"height\":499,\"caption\":\"Apucorp\"},\"image\":{\"@id\":\"https:\/\/apucorp.pe\/www\/site\/#\/schema\/logo\/image\/\"},\"sameAs\":[\"https:\/\/www.facebook.com\/apucorp\",\"https:\/\/www.linkedin.com\/company\/apucorp\/\",\"https:\/\/www.youtube.com\/@APUCORP\"]}]}<\/script>\n<!-- \/ Yoast SEO plugin. -->","yoast_head_json":{"title":"Ajani | Apucorp","description":"Somos un grupo empresarial de capitales peruanos, diversificado, que apuesta por el liderazgo en miner\u00eda y otros sectores estrat\u00e9gicos como infraestructura, salud, comercio e industria.","robots":{"index":"index","follow":"follow","max-snippet":"max-snippet:-1","max-image-preview":"max-image-preview:large","max-video-preview":"max-video-preview:-1"},"canonical":"https:\/\/apucorp.pe\/www\/site\/empresas\/ajani\/","og_locale":"es_ES","og_type":"article","og_title":"Ajani | Apucorp","og_description":"Somos un grupo empresarial de capitales peruanos, diversificado, que apuesta por el liderazgo en miner\u00eda y otros sectores estrat\u00e9gicos como infraestructura, salud, comercio e industria.","og_url":"https:\/\/apucorp.pe\/www\/site\/empresas\/ajani\/","og_site_name":"Apucorp","article_publisher":"https:\/\/www.facebook.com\/apucorp","article_modified_time":"2025-09-18T19:14:06+00:00","og_image":[{"url":"https:\/\/apucorp.pe\/www\/site\/wp-content\/uploads\/2025\/09\/ajani2.png","type":"","width":"","height":""}],"twitter_card":"summary_large_image","twitter_misc":{"Tiempo de lectura":"1 minuto"},"schema":{"@context":"https:\/\/schema.org","@graph":[{"@type":"WebPage","@id":"https:\/\/apucorp.pe\/www\/site\/empresas\/ajani\/","url":"https:\/\/apucorp.pe\/www\/site\/empresas\/ajani\/","name":"Ajani | Apucorp","isPartOf":{"@id":"https:\/\/apucorp.pe\/www\/site\/#website"},"primaryImageOfPage":{"@id":"https:\/\/apucorp.pe\/www\/site\/empresas\/ajani\/#primaryimage"},"image":{"@id":"https:\/\/apucorp.pe\/www\/site\/empresas\/ajani\/#primaryimage"},"thumbnailUrl":"https:\/\/apucorp.pe\/www\/site\/wp-content\/uploads\/2025\/09\/ajani2.png","datePublished":"2025-09-17T23:37:05+00:00","dateModified":"2025-09-18T19:14:06+00:00","description":"Somos un grupo empresarial de capitales peruanos, diversificado, que apuesta por el liderazgo en miner\u00eda y otros sectores estrat\u00e9gicos como infraestructura, salud, comercio e industria.","breadcrumb":{"@id":"https:\/\/apucorp.pe\/www\/site\/empresas\/ajani\/#breadcrumb"},"inLanguage":"es","potentialAction":[{"@type":"ReadAction","target":["https:\/\/apucorp.pe\/www\/site\/empresas\/ajani\/"]}]},{"@type":"ImageObject","inLanguage":"es","@id":"https:\/\/apucorp.pe\/www\/site\/empresas\/ajani\/#primaryimage","url":"https:\/\/apucorp.pe\/www\/site\/wp-content\/uploads\/2025\/09\/ajani2.png","contentUrl":"https:\/\/apucorp.pe\/www\/site\/wp-content\/uploads\/2025\/09\/ajani2.png","width":1000,"height":256},{"@type":"BreadcrumbList","@id":"https:\/\/apucorp.pe\/www\/site\/empresas\/ajani\/#breadcrumb","itemListElement":[{"@type":"ListItem","position":1,"name":"Portada","item":"https:\/\/apucorp.pe\/www\/site\/"},{"@type":"ListItem","position":2,"name":"Empresas","item":"https:\/\/apucorp.pe\/www\/site\/empresas\/"},{"@type":"ListItem","position":3,"name":"Ajani"}]},{"@type":"WebSite","@id":"https:\/\/apucorp.pe\/www\/site\/#website","url":"https:\/\/apucorp.pe\/www\/site\/","name":"Grupo empresarial APUCORP","description":"Somos un grupo empresarial de capitales peruanos, diversificado, que apuesta por el liderazgo en miner\u00eda y otros sectores estrat\u00e9gicos como infraestructura, salud, comercio e industria.","publisher":{"@id":"https:\/\/apucorp.pe\/www\/site\/#organization"},"alternateName":"Grupo empresarial APUCORP","potentialAction":[{"@type":"SearchAction","target":{"@type":"EntryPoint","urlTemplate":"https:\/\/apucorp.pe\/www\/site\/?s={search_term_string}"},"query-input":{"@type":"PropertyValueSpecification","valueRequired":true,"valueName":"search_term_string"}}],"inLanguage":"es"},{"@type":"Organization","@id":"https:\/\/apucorp.pe\/www\/site\/#organization","name":"Apucorp","alternateName":"Apucorp","url":"https:\/\/apucorp.pe\/www\/site\/","logo":{"@type":"ImageObject","inLanguage":"es","@id":"https:\/\/apucorp.pe\/www\/site\/#\/schema\/logo\/image\/","url":"https:\/\/apucorp.pe\/www\/site\/wp-content\/uploads\/2025\/09\/LogoApucorp2.jpg","contentUrl":"https:\/\/apucorp.pe\/www\/site\/wp-content\/uploads\/2025\/09\/LogoApucorp2.jpg","width":1278,"height":499,"caption":"Apucorp"},"image":{"@id":"https:\/\/apucorp.pe\/www\/site\/#\/schema\/logo\/image\/"},"sameAs":["https:\/\/www.facebook.com\/apucorp","https:\/\/www.linkedin.com\/company\/apucorp\/","https:\/\/www.youtube.com\/@APUCORP"]}]}},"_links":{"self":[{"href":"https:\/\/apucorp.pe\/www\/site\/wp-json\/wp\/v2\/pages\/3019","targetHints":{"allow":["GET"]}}],"collection":[{"href":"https:\/\/apucorp.pe\/www\/site\/wp-json\/wp\/v2\/pages"}],"about":[{"href":"https:\/\/apucorp.pe\/www\/site\/wp-json\/wp\/v2\/types\/page"}],"author":[{"embeddable":true,"href":"https:\/\/apucorp.pe\/www\/site\/wp-json\/wp\/v2\/users\/1"}],"replies":[{"embeddable":true,"href":"https:\/\/apucorp.pe\/www\/site\/wp-json\/wp\/v2\/comments?post=3019"}],"version-history":[{"count":34,"href":"https:\/\/apucorp.pe\/www\/site\/wp-json\/wp\/v2\/pages\/3019\/revisions"}],"predecessor-version":[{"id":3215,"href":"https:\/\/apucorp.pe\/www\/site\/wp-json\/wp\/v2\/pages\/3019\/revisions\/3215"}],"up":[{"embeddable":true,"href":"https:\/\/apucorp.pe\/www\/site\/wp-json\/wp\/v2\/pages\/2750"}],"wp:attachment":[{"href":"https:\/\/apucorp.pe\/www\/site\/wp-json\/wp\/v2\/media?parent=3019"}],"curies":[{"name":"wp","href":"https:\/\/api.w.org\/{rel}","templated":true}]}}